{"id":1191,"date":"2020-10-13T11:49:12","date_gmt":"2020-10-13T11:49:12","guid":{"rendered":"http:\/\/abgh.com.br\/?page_id=1191"},"modified":"2020-11-14T04:08:11","modified_gmt":"2020-11-14T04:08:11","slug":"quem-somos-2","status":"publish","type":"page","link":"https:\/\/abgh.com.br\/index.php\/quem-somos-2\/","title":{"rendered":"Quem Somos"},"content":{"rendered":"<p>[et_pb_section fb_built=&#8221;1&#8243; _builder_version=&#8221;4.6.5&#8243; background_image=&#8221;http:\/\/abgh.com.br\/wp-content\/uploads\/2020\/10\/baixa_banner3.jpg&#8221; min_height=&#8221;416px&#8221; custom_padding=&#8221;||0px|||&#8221;][\/et_pb_section][et_pb_section fb_built=&#8221;1&#8243; module_id=&#8221;echos&#8221; _builder_version=&#8221;4.5.6&#8243; background_enable_color=&#8221;off&#8221; background_enable_image=&#8221;off&#8221; parallax=&#8221;on&#8221; min_height=&#8221;697px&#8221; custom_padding=&#8221;||0px|||&#8221;][et_pb_row _builder_version=&#8221;4.5.6&#8243; _module_preset=&#8221;default&#8221; custom_margin=&#8221;-180px||||false|false&#8221; custom_padding=&#8221;||0px||false|false&#8221;][et_pb_column type=&#8221;4_4&#8243; _builder_version=&#8221;4.5.6&#8243; _module_preset=&#8221;default&#8221; custom_padding=&#8221;0px|0px|0px|0px|false|false&#8221;][et_pb_text _builder_version=&#8221;4.6.5&#8243; _module_preset=&#8221;default&#8221; text_text_color=&#8221;#ffffff&#8221; text_font_size=&#8221;88px&#8221; text_line_height=&#8221;1.6em&#8221; custom_margin=&#8221;0px||||false|false&#8221; custom_padding=&#8221;||0px||false|false&#8221; text_text_color_last_edited=&#8221;off|desktop&#8221; text_font_size_tablet=&#8221;&#8221; text_font_size_phone=&#8221;32px&#8221; text_font_size_last_edited=&#8221;on|phone&#8221;]<\/p>\n<p>QUEM SOMOS<\/p>\n<p>[\/et_pb_text][\/et_pb_column][\/et_pb_row][et_pb_row column_structure=&#8221;1_2,1_2&#8243; _builder_version=&#8221;4.5.6&#8243; _module_preset=&#8221;default&#8221; custom_padding=&#8221;||0px|||&#8221;][et_pb_column type=&#8221;1_2&#8243; _builder_version=&#8221;4.5.6&#8243; _module_preset=&#8221;default&#8221;][et_pb_text _builder_version=&#8221;4.6.5&#8243; _module_preset=&#8221;default&#8221; text_font=&#8221;||||||||&#8221; text_font_size=&#8221;18px&#8221; custom_margin=&#8221;|0px||0px|false|false&#8221;]<\/p>\n<p>A\u00a0<strong>Associa\u00e7\u00e3o Brasileira de Gin\u00e1stica Hol\u00edsitca &#8211; ABGH<\/strong>\u00a0\u00e9 o centro referencial do m\u00e9todo no Brasil. \u00d3rg\u00e3o nacional reconhecido pela AEDE (Association des El\u00e8ves du Docteur Ehrenfried et des Praticiens en Gymnastique Holistique.<\/p>\n<p><span style=\"font-size: 18px;\">A\u00a0<\/span><strong style=\"font-size: 18px;\">ABGH<\/strong><span style=\"font-size: 18px;\">\u00a0teve sua funda\u00e7\u00e3o em 1997, a partir dos anseio de Marie-Jo Guichard em sua \u00fanica vinda ao Brasil para realizar uma reciclagem e marcar o in\u00edcio desta representatividade dos alunos formados no m\u00e9todo e tamb\u00e9m aos simpatizantes por ele.<\/span><\/p>\n<p><span style=\"font-size: 18px;\">A <\/span><strong style=\"font-size: 18px;\">ABGH <\/strong><span style=\"font-size: 18px;\">\u00a0<\/span><span style=\"font-size: 18px;\">conta hoje com v\u00e1rios profissionais formados no Brasil e na Fran\u00e7a.<\/span><\/p>\n<p><span style=\"font-size: 18px;\">Ser\u00e1 um prazer te ter entre n\u00f3s.<\/span><\/p>\n<p>Para entrar em contato, escreva para<span>\u00a0 <\/span><a href=\"mailto:abgh@abgh.com.br\">abgh@abgh.com.br<\/a><span>\u00a0 <\/span>ou <strong>mensagem pelo whtasapp<\/strong> (11) 99373-9415<\/p>\n<p><span style=\"font-size: 18px;\">Estamos localizados no seguinte endere\u00e7o:<\/span><\/p>\n<p><span style=\"font-size: 18px;\">Rua Antonio Galizia, 27<br \/><\/span><span style=\"font-size: 18px;\">Cambu\u00ed &#8211; Campinas\/SP<br \/><\/span><span style=\"font-size: 18px;\">CEP 13024-510<\/span><\/p>\n<p>[\/et_pb_text][et_pb_text module_id=&#8221;beneficios&#8221; _builder_version=&#8221;4.6.1&#8243; _module_preset=&#8221;default&#8221; text_font=&#8221;|300|||||||&#8221; text_text_color=&#8221;#0c71c3&#8243; text_font_size=&#8221;30px&#8221; text_line_height=&#8221;1.6em&#8221; custom_margin=&#8221;||-3px|||&#8221; border_color_all=&#8221;#0c71c3&#8243;]<\/p>\n<p style=\"text-align: left;\"><span style=\"color: #e09900;\">OUTRAS ASSOCIA\u00c7\u00d5ES<\/span><\/p>\n<p>[\/et_pb_text][et_pb_divider divider_weight=&#8221;7px&#8221; _builder_version=&#8221;4.6.5&#8243; _module_preset=&#8221;default&#8221; width=&#8221;9%&#8221;][\/et_pb_divider][\/et_pb_column][et_pb_column type=&#8221;1_2&#8243; _builder_version=&#8221;4.5.6&#8243; _module_preset=&#8221;default&#8221;][et_pb_text module_id=&#8221;beneficios&#8221; _builder_version=&#8221;4.6.1&#8243; _module_preset=&#8221;default&#8221; text_font=&#8221;|300|||||||&#8221; text_text_color=&#8221;#0c71c3&#8243; text_font_size=&#8221;30px&#8221; text_line_height=&#8221;1.6em&#8221; custom_margin=&#8221;||-3px|||&#8221; border_color_all=&#8221;#0c71c3&#8243;]<\/p>\n<p style=\"text-align: left;\"><span style=\"color: #e09900;\">CONSELHO<\/span><\/p>\n<p>[\/et_pb_text][et_pb_divider divider_weight=&#8221;7px&#8221; _builder_version=&#8221;4.6.5&#8243; _module_preset=&#8221;default&#8221; width=&#8221;9%&#8221;][\/et_pb_divider][et_pb_text _builder_version=&#8221;4.6.5&#8243; _module_preset=&#8221;default&#8221; text_font=&#8221;||||||||&#8221; text_font_size=&#8221;18px&#8221; custom_margin=&#8221;|0px||0px|false|false&#8221;]<\/p>\n<p><span style=\"font-size: 18px;\">Presidente<\/span><\/p>\n<p><span style=\"font-size: 18px;\">Patricia Lacombe<\/span><\/p>\n<p><strong style=\"font-size: 18px;\">Lidiane Carraro da Silva<\/strong><\/p>\n<p><span style=\"font-size: 18px;\">Isabel Lopes<\/span><\/p>\n<p><span style=\"font-size: 18px;\">Josette Senedese Guerzoni<\/span><\/p>\n<p>[\/et_pb_text][\/et_pb_column][\/et_pb_row][et_pb_row column_structure=&#8221;1_2,1_2&#8243; _builder_version=&#8221;4.6.5&#8243; _module_preset=&#8221;default&#8221;][et_pb_column type=&#8221;1_2&#8243; _builder_version=&#8221;4.6.5&#8243; _module_preset=&#8221;default&#8221;][et_pb_text _builder_version=&#8221;4.6.5&#8243; _module_preset=&#8221;default&#8221;]<\/p>\n<p><span style=\"font-size: large; color: #e09900;\"><strong>Fran\u00e7a<\/strong><\/span><br \/><span style=\"font-size: large;\">A.E.D.E. FRANCE<\/span><br \/><span style=\"font-size: large;\">25 Rue Fresnel<\/span><br \/><span style=\"font-size: large;\">75116 &#8211; Paris<\/span><br \/><span style=\"font-size: large;\">T\u00e9l (01) 4976-0501<\/span><br \/><span style=\"font-size: large;\"><a href=\"http:\/\/www.gym-dr-ehrenfried.fr\/\"><strong>www.gym-dr-ehrenfried.fr<\/strong><\/a><\/span><\/p>\n<p>[\/et_pb_text][\/et_pb_column][et_pb_column type=&#8221;1_2&#8243; _builder_version=&#8221;4.6.5&#8243; _module_preset=&#8221;default&#8221;][et_pb_text _builder_version=&#8221;4.6.5&#8243; _module_preset=&#8221;default&#8221;]<\/p>\n<p><span style=\"font-size: large; color: #e09900;\"><strong>Canad\u00e1<\/strong><\/span><br \/> <span style=\"font-size: large;\">Montr\u00e9al au 827, Rue<\/span><br \/> <span style=\"font-size: large;\">Cherrier, H2L 1H5<\/span><br \/> <span style=\"font-size: large;\">T\u00e9l (514) 495-9382<\/span><br \/> <span style=\"font-size: large;\">Email\u00a0<a href=\"mailto:AEDEPGHQ@hotmail.com\">AEDEPGHQ@hotmail.com<\/a><\/span><br \/> <span style=\"font-size: large;\"><a href=\"http:\/\/www.gymnastiqueholistique.com\/\"><strong>www.gymnastiqueholistique.com<\/strong><\/a><\/span><\/p>\n<p>[\/et_pb_text][\/et_pb_column][\/et_pb_row][\/et_pb_section]<\/p>\n","protected":false},"excerpt":{"rendered":"<p>QUEM SOMOSA\u00a0Associa\u00e7\u00e3o Brasileira de Gin\u00e1stica Hol\u00edsitca &#8211; ABGH\u00a0\u00e9 o centro referencial do m\u00e9todo no Brasil. \u00d3rg\u00e3o nacional reconhecido pela AEDE (Association des El\u00e8ves du Docteur Ehrenfried et des Praticiens en Gymnastique Holistique. A\u00a0ABGH\u00a0teve sua funda\u00e7\u00e3o em 1997, a partir dos anseio de Marie-Jo Guichard em sua \u00fanica vinda ao Brasil para realizar uma reciclagem e [&hellip;]<\/p>\n","protected":false},"author":1,"featured_media":0,"parent":0,"menu_order":0,"comment_status":"closed","ping_status":"closed","template":"","meta":{"_et_pb_use_builder":"on","_et_pb_old_content":"","_et_gb_content_width":"","footnotes":""},"class_list":["post-1191","page","type-page","status-publish","hentry"],"_links":{"self":[{"href":"https:\/\/abgh.com.br\/index.php\/wp-json\/wp\/v2\/pages\/1191","targetHints":{"allow":["GET"]}}],"collection":[{"href":"https:\/\/abgh.com.br\/index.php\/wp-json\/wp\/v2\/pages"}],"about":[{"href":"https:\/\/abgh.com.br\/index.php\/wp-json\/wp\/v2\/types\/page"}],"author":[{"embeddable":true,"href":"https:\/\/abgh.com.br\/index.php\/wp-json\/wp\/v2\/users\/1"}],"replies":[{"embeddable":true,"href":"https:\/\/abgh.com.br\/index.php\/wp-json\/wp\/v2\/comments?post=1191"}],"version-history":[{"count":11,"href":"https:\/\/abgh.com.br\/index.php\/wp-json\/wp\/v2\/pages\/1191\/revisions"}],"predecessor-version":[{"id":1794,"href":"https:\/\/abgh.com.br\/index.php\/wp-json\/wp\/v2\/pages\/1191\/revisions\/1794"}],"wp:attachment":[{"href":"https:\/\/abgh.com.br\/index.php\/wp-json\/wp\/v2\/media?parent=1191"}],"curies":[{"name":"wp","href":"https:\/\/api.w.org\/{rel}","templated":true}]}}