{"id":9,"date":"2020-06-07T19:51:37","date_gmt":"2020-06-07T19:51:37","guid":{"rendered":"http:\/\/abgh.com.br\/?page_id=9"},"modified":"2024-10-09T22:13:28","modified_gmt":"2024-10-09T22:13:28","slug":"home","status":"publish","type":"page","link":"https:\/\/abgh.com.br\/","title":{"rendered":"home"},"content":{"rendered":"<p>[et_pb_section fb_built=&#8221;1&#8243; admin_label=&#8221;Section&#8221; _builder_version=&#8221;4.27.0&#8243; background_enable_color=&#8221;off&#8221; background_color_gradient_direction=&#8221;190deg&#8221; background_image=&#8221;https:\/\/abgh.com.br\/wp-content\/uploads\/2020\/12\/fundo.jpg&#8221; background_position=&#8221;top_left&#8221; background_enable_video_mp4=&#8221;off&#8221; background_enable_video_webm=&#8221;off&#8221; custom_margin=&#8221;0px|0px|0px|0px|false|false&#8221; custom_padding=&#8221;0px|0px|0px|||&#8221; da_disable_devices=&#8221;off|off|off&#8221; global_colors_info=&#8221;{}&#8221; da_is_popup=&#8221;off&#8221; da_exit_intent=&#8221;off&#8221; da_has_close=&#8221;on&#8221; da_alt_close=&#8221;off&#8221; da_dark_close=&#8221;off&#8221; da_not_modal=&#8221;on&#8221; da_is_singular=&#8221;off&#8221; da_with_loader=&#8221;off&#8221; da_has_shadow=&#8221;on&#8221;][et_pb_row _builder_version=&#8221;4.16&#8243; _module_preset=&#8221;default&#8221; custom_margin=&#8221;0px||||false|false&#8221; custom_padding=&#8221;0px||0px|||&#8221; global_colors_info=&#8221;{}&#8221;][et_pb_column type=&#8221;4_4&#8243; _builder_version=&#8221;4.16&#8243; _module_preset=&#8221;default&#8221; global_colors_info=&#8221;{}&#8221;][et_pb_video_slider _builder_version=&#8221;4.27.2&#8243; _module_preset=&#8221;default&#8221; width=&#8221;100%&#8221; custom_margin=&#8221;0px||||false|false&#8221; hover_enabled=&#8221;0&#8243; global_colors_info=&#8221;{}&#8221; sticky_enabled=&#8221;0&#8243;][et_pb_video_slider_item src=&#8221;https:\/\/www.youtube.com\/watch?v=mUl7epV7k70&#038;feature=emb_title&#8221; image_src=&#8221;\/\/i.ytimg.com\/vi\/7J6Wl-gc10Q\/hqdefault.jpg&#8221; play_icon_color=&#8221;#ffffff&#8221; _builder_version=&#8221;4.7.6&#8243; _module_preset=&#8221;default&#8221; overflow-x=&#8221;auto&#8221; overflow-y=&#8221;auto&#8221; global_colors_info=&#8221;{}&#8221; show_image_overlay=&#8221;off&#8221;][\/et_pb_video_slider_item][\/et_pb_video_slider][\/et_pb_column][\/et_pb_row][\/et_pb_section][et_pb_section fb_built=&#8221;1&#8243; admin_label=&#8221;Section&#8221; _builder_version=&#8221;4.16&#8243; custom_margin=&#8221;0px|0px|0px|0px|false|false&#8221; custom_padding=&#8221;0px|0px|0px|||&#8221; da_disable_devices=&#8221;off|off|off&#8221; global_colors_info=&#8221;{}&#8221; da_is_popup=&#8221;off&#8221; da_exit_intent=&#8221;off&#8221; da_has_close=&#8221;on&#8221; da_alt_close=&#8221;off&#8221; da_dark_close=&#8221;off&#8221; da_not_modal=&#8221;on&#8221; da_is_singular=&#8221;off&#8221; da_with_loader=&#8221;off&#8221; da_has_shadow=&#8221;on&#8221;][et_pb_row column_structure=&#8221;1_3,1_3,1_3&#8243; use_custom_gutter=&#8221;on&#8221; gutter_width=&#8221;2&#8243; make_equal=&#8221;on&#8221; _builder_version=&#8221;4.16&#8243; width=&#8221;100%&#8221; max_width=&#8221;1080px&#8221; custom_margin=&#8221;35px|auto||auto|false|false&#8221; custom_padding=&#8221;0px||||false|false&#8221; scroll_fade_enable=&#8221;on&#8221; scroll_blur=&#8221;0|40|63|100|10|0|0&#8243; motion_trigger_start=&#8221;top&#8221; border_color_top=&#8221;rgba(0,0,0,0)&#8221; border_color_bottom=&#8221;rgba(0,0,0,0)&#8221; global_colors_info=&#8221;{}&#8221;][et_pb_column type=&#8221;1_3&#8243; _builder_version=&#8221;4.16&#8243; _dynamic_attributes=&#8221;link_option_url&#8221; background_color=&#8221;#e09900&#8243; background_image=&#8221;https:\/\/abgh.com.br\/wp-content\/uploads\/2020\/08\/banner_associados.jpg&#8221; background_blend=&#8221;overlay&#8221; vertical_offset=&#8221;0px&#8221; custom_padding=&#8221;150px||||false|false&#8221; hover_transition_duration=&#8221;500ms&#8221; hover_transition_speed_curve=&#8221;linear&#8221; link_option_url=&#8221;@ET-DC@eyJkeW5hbWljIjp0cnVlLCJjb250ZW50IjoicG9zdF9saW5rX3VybF9wYWdlIiwic2V0dGluZ3MiOnsicG9zdF9pZCI6IjE0NSJ9fQ==@&#8221; border_radii=&#8221;on|25px|25px|25px|25px&#8221; global_colors_info=&#8221;{}&#8221; position_origin_r__hover_enabled=&#8221;on|hover&#8221; positioning__hover_enabled=&#8221;on|desktop&#8221; position_origin_f__hover_enabled=&#8221;on|desktop&#8221; position_origin_a__hover_enabled=&#8221;on|desktop&#8221; filter_hue_rotate__hover_enabled=&#8221;off|hover&#8221; filter_hue_rotate__hover=&#8221;0deg&#8221; filter_brightness__hover_enabled=&#8221;on|desktop&#8221; filter_brightness__hover=&#8221;100%&#8221; filter_contrast__hover_enabled=&#8221;on|hover&#8221; filter_contrast__hover=&#8221;130%&#8221;][et_pb_text _builder_version=&#8221;4.16&#8243; text_font=&#8221;|300||on|||||&#8221; text_text_color=&#8221;#ffffff&#8221; text_font_size=&#8221;30px&#8221; text_orientation=&#8221;center&#8221; custom_margin=&#8221;81px|20px|20px|20px|false|false&#8221; global_colors_info=&#8221;{}&#8221; text_font_size__hover_enabled=&#8221;off|desktop&#8221; text_font_size__hover=&#8221;35px&#8221;]<\/p>\n<p><span style=\"color: #ffffff;\">ASSOCIADOS<\/span><\/p>\n<p>[\/et_pb_text][\/et_pb_column][et_pb_column type=&#8221;1_3&#8243; _builder_version=&#8221;4.16&#8243; _dynamic_attributes=&#8221;link_option_url&#8221; background_color=&#8221;rgba(131,0,233,0.56)&#8221; background_image=&#8221;https:\/\/abgh.com.br\/wp-content\/uploads\/2020\/07\/C0001.00_21_25_01.Still013-scaled.jpg&#8221; background_blend=&#8221;color-dodge&#8221; custom_padding=&#8221;150px||||false|false&#8221; filter_saturate=&#8221;70%&#8221; link_option_url=&#8221;@ET-DC@eyJkeW5hbWljIjp0cnVlLCJjb250ZW50IjoicG9zdF9saW5rX3VybF9wYWdlIiwic2V0dGluZ3MiOnsicG9zdF9pZCI6IjE0OCJ9fQ==@&#8221; border_radii=&#8221;on|25px|25px|25px|25px&#8221; global_colors_info=&#8221;{}&#8221; filter_brightness__hover_enabled=&#8221;on|hover&#8221; filter_brightness__hover=&#8221;130%&#8221; filter_saturate__hover_enabled=&#8221;off|hover&#8221; filter_saturate__hover=&#8221;100%&#8221; filter_contrast__hover_enabled=&#8221;on|hover&#8221; filter_contrast__hover=&#8221;100%&#8221;][et_pb_text _builder_version=&#8221;4.16&#8243; text_font=&#8221;|300||on|||||&#8221; text_text_color=&#8221;#ffffff&#8221; text_font_size=&#8221;30px&#8221; text_orientation=&#8221;center&#8221; custom_margin=&#8221;81px|20px|20px|20px|false|false&#8221; global_colors_info=&#8221;{}&#8221; text_font_size__hover=&#8221;35px&#8221; text_font_size__hover_enabled=&#8221;on|hover&#8221;]<\/p>\n<p><span style=\"color: #ffffff;\">PROFISSIONAIS<\/span><\/p>\n<p>[\/et_pb_text][\/et_pb_column][et_pb_column type=&#8221;1_3&#8243; _builder_version=&#8221;4.16&#8243; background_color=&#8221;#0c71c3&#8243; background_image=&#8221;https:\/\/abgh.com.br\/wp-content\/uploads\/2020\/07\/C0001.00_07_28_13.Still005-scaled.jpg&#8221; background_blend=&#8221;overlay&#8221; custom_padding=&#8221;150px||||false|false&#8221; link_option_url=&#8221;https:\/\/patricialacombe.com.br\/cursos-formacao&#8221; border_radii=&#8221;on|25px|25px|25px|25px&#8221; global_colors_info=&#8221;{}&#8221; filter_brightness__hover_enabled=&#8221;on|hover&#8221; filter_brightness__hover=&#8221;130%&#8221;][et_pb_text _builder_version=&#8221;4.16&#8243; text_font=&#8221;|300||on|||||&#8221; text_text_color=&#8221;#ffffff&#8221; text_font_size=&#8221;30px&#8221; text_orientation=&#8221;center&#8221; custom_margin=&#8221;81px|20px|20px|20px|false|false&#8221; scroll_fade=&#8221;0|67|67|100|0|100|100&#8243; global_colors_info=&#8221;{}&#8221; text_font_size__hover=&#8221;35px&#8221; text_font_size__hover_enabled=&#8221;on|hover&#8221;]<\/p>\n<p><span style=\"color: #ffffff;\">FORMA\u00c7\u00c3O<\/span><\/p>\n<p>[\/et_pb_text][\/et_pb_column][\/et_pb_row][\/et_pb_section][et_pb_section fb_built=&#8221;1&#8243; prev_background_color=&#8221;#ffffff&#8221; next_background_color=&#8221;#e09900&#8243; admin_label=&#8221;Section&#8221; module_id=&#8221;oque&#8221; _builder_version=&#8221;4.17.4&#8243; background_color=&#8221;rgba(224,153,0,0.15)&#8221; custom_padding=&#8221;||42px|||&#8221; top_divider_style=&#8221;waves2&#8243; top_divider_height=&#8221;39px&#8221; top_divider_repeat=&#8221;0x&#8221; bottom_divider_style=&#8221;waves&#8221; bottom_divider_height=&#8221;21px&#8221; bottom_divider_repeat=&#8221;2x&#8221; da_popup_slug=&#8221;oque&#8221; da_disable_devices=&#8221;off|off|off&#8221; global_colors_info=&#8221;{}&#8221; da_is_popup=&#8221;off&#8221; da_exit_intent=&#8221;off&#8221; da_has_close=&#8221;on&#8221; da_alt_close=&#8221;off&#8221; da_dark_close=&#8221;off&#8221; da_not_modal=&#8221;on&#8221; da_is_singular=&#8221;off&#8221; da_with_loader=&#8221;off&#8221; da_has_shadow=&#8221;on&#8221;][et_pb_row _builder_version=&#8221;4.17.4&#8243; global_colors_info=&#8221;{}&#8221;][et_pb_column type=&#8221;4_4&#8243; _builder_version=&#8221;4.16&#8243; global_colors_info=&#8221;{}&#8221;][et_pb_text _builder_version=&#8221;4.16&#8243; text_font=&#8221;|300||on|||||&#8221; text_text_color=&#8221;#e09900&#8243; text_font_size=&#8221;34px&#8221; text_letter_spacing=&#8221;9px&#8221; global_colors_info=&#8221;{}&#8221;]<\/p>\n<p>O QUE \u00c9 A ABGH<\/p>\n<p>[\/et_pb_text][et_pb_divider divider_weight=&#8221;5px&#8221; _builder_version=&#8221;4.16&#8243; width=&#8221;20%&#8221; global_colors_info=&#8221;{}&#8221;][\/et_pb_divider][\/et_pb_column][\/et_pb_row][et_pb_row _builder_version=&#8221;4.16&#8243; width=&#8221;100%&#8221; max_width=&#8221;1920px&#8221; custom_padding=&#8221;0px|||||&#8221; global_colors_info=&#8221;{}&#8221;][et_pb_column type=&#8221;4_4&#8243; _builder_version=&#8221;4.16&#8243; border_style_all=&#8221;none&#8221; border_width_right=&#8221;6px&#8221; border_color_right=&#8221;#e09900&#8243; global_colors_info=&#8221;{}&#8221;][et_pb_slider show_arrows=&#8221;off&#8221; _builder_version=&#8221;4.16&#8243; _module_preset=&#8221;default&#8221; custom_padding=&#8221;||257px|||&#8221; global_colors_info=&#8221;{}&#8221;][et_pb_slide _builder_version=&#8221;4.16&#8243; _module_preset=&#8221;default&#8221; background_video_mp4=&#8221;https:\/\/abgh.com.br\/wp-content\/uploads\/2020\/08\/video_baner.mp4&#8243; background_enable_video_mp4=&#8221;on&#8221; background_video_webm=&#8221;https:\/\/abgh.com.br\/wp-content\/uploads\/2020\/08\/ABGH.webm&#8221; background_enable_video_webm=&#8221;on&#8221; global_colors_info=&#8221;{}&#8221; sticky_transition=&#8221;on&#8221;][\/et_pb_slide][et_pb_slide heading=&#8221;GIN\u00c1STICA HOL\u00cdSTICA &#8221; _builder_version=&#8221;4.16&#8243; _module_preset=&#8221;default&#8221; background_color=&#8221;#f7941d&#8221; background_enable_color=&#8221;on&#8221; background_image=&#8221;https:\/\/abgh.com.br\/wp-content\/uploads\/2020\/07\/C0001.00_11_41_00.Still008-scaled.jpg&#8221; background_enable_image=&#8221;on&#8221; background_blend=&#8221;soft-light&#8221; text_orientation=&#8221;left&#8221; global_colors_info=&#8221;{}&#8221; sticky_transition=&#8221;on&#8221;]<\/p>\n<h3 class=\"LC20lb DKV0Md\">M\u00e9todo Ehrenfried<\/h3>\n<p>&nbsp;<\/p>\n<p>[\/et_pb_slide][\/et_pb_slider][\/et_pb_column][\/et_pb_row][et_pb_row column_structure=&#8221;1_2,1_2&#8243; _builder_version=&#8221;4.16&#8243; global_colors_info=&#8221;{}&#8221;][et_pb_column type=&#8221;1_2&#8243; _builder_version=&#8221;4.16&#8243; border_style_all=&#8221;none&#8221; border_width_right=&#8221;6px&#8221; border_color_right=&#8221;#e09900&#8243; global_colors_info=&#8221;{}&#8221;][et_pb_gallery gallery_ids=&#8221;567,566,565,554,556,559&#8243; fullwidth=&#8221;on&#8221; _builder_version=&#8221;4.16&#8243; width=&#8221;100%&#8221; max_width=&#8221;100%&#8221; custom_margin=&#8221;||24px|||&#8221; global_colors_info=&#8221;{}&#8221;][\/et_pb_gallery][\/et_pb_column][et_pb_column type=&#8221;1_2&#8243; _builder_version=&#8221;4.16&#8243; background_color=&#8221;rgba(0,0,0,0)&#8221; custom_padding=&#8221;||0px||false|false&#8221; border_style_all=&#8221;none&#8221; border_width_right=&#8221;6px&#8221; border_color_right=&#8221;#e09900&#8243; global_colors_info=&#8221;{}&#8221;][et_pb_text _builder_version=&#8221;4.16&#8243; text_font=&#8221;|300|||||||&#8221; text_font_size=&#8221;17px&#8221; global_colors_info=&#8221;{}&#8221;]<\/p>\n<p align=\"left\">A ABGH \u00e9 uma Associa\u00e7\u00e3o sem fins lucrativos e foi fundada em 1997 filiada \u00e0 AEDE (Associa\u00e7\u00e3o Francesa), com objetivo de divulgar o M\u00e9todo Ehrenfried \u2013 Gin\u00e1stica Hol\u00edstica, bem como de fiscalizar o uso da marca, garantindo a qualidade dos profissionais que atuam com o m\u00e9todo. Desta forma, a ABGH realiza eventos, promove palestras, workshops e aulas em universidades auxiliando na divulga\u00e7\u00e3o do m\u00e9todo.<\/p>\n<p align=\"left\">Aqui voc\u00ea encontra informa\u00e7\u00f5es sobre o M\u00e9todo Ehrenfried &#8211; no Brasil, sua origem e benef\u00edcios.<\/p>\n<p align=\"left\">Tamb\u00e9m tem acesso aos profissionais dessa \u00e1rea e conhece os benef\u00edcios de se tornar um associado.<\/p>\n<p align=\"left\">Fique \u00e0 vontade para navegar e voltar sempre que quiser!<\/p>\n<p align=\"left\">Nosso objetivo \u00e9 que voc\u00ea tenha acesso as informa\u00e7\u00f5es oficiais e possa absorver toda a riqueza deste m\u00e9todo que atravessa continentes.<\/p>\n<p><span style=\"color: #e09900;\"><strong>Um abra\u00e7o,<\/strong><\/span><\/p>\n<p><span style=\"color: #e09900;\"><strong>Patricia Lacombe<\/strong><\/span><br \/> <span style=\"color: #e09900;\"><strong>Presidente da ABGH Brasil<\/strong><\/span><\/p>\n<p>[\/et_pb_text][\/et_pb_column][\/et_pb_row][\/et_pb_section][et_pb_section fb_built=&#8221;1&#8243; admin_label=&#8221;Section&#8221; _builder_version=&#8221;4.16&#8243; background_color=&#8221;#e09900&#8243; custom_padding=&#8221;||0px|||&#8221; da_disable_devices=&#8221;off|off|off&#8221; global_colors_info=&#8221;{}&#8221; da_is_popup=&#8221;off&#8221; da_exit_intent=&#8221;off&#8221; da_has_close=&#8221;on&#8221; da_alt_close=&#8221;off&#8221; da_dark_close=&#8221;off&#8221; da_not_modal=&#8221;on&#8221; da_is_singular=&#8221;off&#8221; da_with_loader=&#8221;off&#8221; da_has_shadow=&#8221;on&#8221;][et_pb_row _builder_version=&#8221;4.16&#8243; custom_padding=&#8221;||35px|||&#8221; border_color_bottom=&#8221;#edf000&#8243; global_colors_info=&#8221;{}&#8221;][et_pb_column type=&#8221;4_4&#8243; _builder_version=&#8221;4.16&#8243; global_colors_info=&#8221;{}&#8221;][et_pb_text _builder_version=&#8221;4.16&#8243; text_font=&#8221;|300||on|||||&#8221; text_text_color=&#8221;#edf000&#8243; text_font_size=&#8221;34px&#8221; text_letter_spacing=&#8221;9px&#8221; custom_margin=&#8221;||0px|||&#8221; global_colors_info=&#8221;{}&#8221;]<\/p>\n<p>EVENTOS<\/p>\n<p>[\/et_pb_text][et_pb_divider color=&#8221;#edf000&#8243; divider_position=&#8221;center&#8221; divider_weight=&#8221;5px&#8221; _builder_version=&#8221;4.16&#8243; width=&#8221;10%&#8221; global_colors_info=&#8221;{}&#8221;][\/et_pb_divider][\/et_pb_column][\/et_pb_row][et_pb_row use_custom_gutter=&#8221;on&#8221; gutter_width=&#8221;1&#8243; make_equal=&#8221;on&#8221; _builder_version=&#8221;4.16&#8243; width=&#8221;100%&#8221; custom_margin=&#8221;0px||||false|false&#8221; custom_padding=&#8221;0px|||||&#8221; global_colors_info=&#8221;{}&#8221;][et_pb_column type=&#8221;4_4&#8243; _builder_version=&#8221;4.16&#8243; global_colors_info=&#8221;{}&#8221;][et_pb_post_slider include_categories=&#8221;4&#8243; show_meta=&#8221;off&#8221; _builder_version=&#8221;4.16&#8243; _module_preset=&#8221;default&#8221; custom_button=&#8221;on&#8221; button_border_radius=&#8221;100px&#8221; global_colors_info=&#8221;{}&#8221;][\/et_pb_post_slider][\/et_pb_column][\/et_pb_row][\/et_pb_section][et_pb_section fb_built=&#8221;1&#8243; admin_label=&#8221;Section&#8221; _builder_version=&#8221;4.16&#8243; _module_preset=&#8221;default&#8221; da_disable_devices=&#8221;off|off|off&#8221; global_colors_info=&#8221;{}&#8221; da_is_popup=&#8221;off&#8221; da_exit_intent=&#8221;off&#8221; da_has_close=&#8221;on&#8221; da_alt_close=&#8221;off&#8221; da_dark_close=&#8221;off&#8221; da_not_modal=&#8221;on&#8221; da_is_singular=&#8221;off&#8221; da_with_loader=&#8221;off&#8221; da_has_shadow=&#8221;on&#8221;][et_pb_row _builder_version=&#8221;4.16&#8243; custom_padding=&#8221;||35px|||&#8221; border_color_bottom=&#8221;#edf000&#8243; global_colors_info=&#8221;{}&#8221;][et_pb_column type=&#8221;4_4&#8243; _builder_version=&#8221;4.16&#8243; global_colors_info=&#8221;{}&#8221;][et_pb_text _builder_version=&#8221;4.16&#8243; text_font=&#8221;|300||on|||||&#8221; text_text_color=&#8221;#8300e9&#8243; text_font_size=&#8221;34px&#8221; text_letter_spacing=&#8221;9px&#8221; custom_margin=&#8221;||0px|||&#8221; global_colors_info=&#8221;{}&#8221;]<\/p>\n<p>Siga em nosso canal do INSTAGRAM<\/p>\n<p>[\/et_pb_text][et_pb_divider color=&#8221;#8300e9&#8243; divider_position=&#8221;center&#8221; divider_weight=&#8221;5px&#8221; _builder_version=&#8221;4.16&#8243; width=&#8221;10%&#8221; global_colors_info=&#8221;{}&#8221;][\/et_pb_divider][\/et_pb_column][\/et_pb_row][et_pb_row _builder_version=&#8221;4.16&#8243; _module_preset=&#8221;default&#8221; width=&#8221;100%&#8221; max_width=&#8221;100%&#8221; min_height=&#8221;181px&#8221; custom_margin=&#8221;|auto|-10px|auto||&#8221; global_colors_info=&#8221;{}&#8221;][et_pb_column type=&#8221;4_4&#8243; _builder_version=&#8221;4.16&#8243; _module_preset=&#8221;default&#8221; global_colors_info=&#8221;{}&#8221;][et_pb_code _builder_version=&#8221;4.16&#8243; _module_preset=&#8221;default&#8221; global_colors_info=&#8221;{}&#8221;]\t\t\t\t<div id=\"wpmi-69fb1db6ec64a\" class=\"wp-my-instagram wpmi\" data-args=\"{&quot;template&quot;:false,&quot;username&quot;:&quot;ginasticaholistica&quot;,&quot;hashtag&quot;:&quot;&quot;,&quot;limit&quot;:&quot;08&quot;,&quot;size&quot;:&quot;large&quot;,&quot;layout&quot;:&quot;4&quot;,&quot;target&quot;:&quot;_blank&quot;,&quot;link&quot;:&quot;www.instagram.com\\\/ginasticaholistica&quot;,&quot;popular&quot;:false}\" data-cached=\"false\">\n\t\t\t\t\t<ul class=\"wpmi-list wpmi-layout-4\">\n\t\t\t\t\t\t\t\t\t\t\t<\/ul>\n\t\t\t\t\t\t\t\t\t\t<div class=\"wpmi-me\"><a href=\"\/\/instagram.com\/ginasticaholistica\/\" target=\"_blank\" rel=\"me\">www.instagram.com\/ginasticaholistica<\/a><\/div>\n\t\t\t\t\t\t\t\t\t<\/div>\n\t\t\t\t[\/et_pb_code][\/et_pb_column][\/et_pb_row][\/et_pb_section][et_pb_section fb_built=&#8221;1&#8243; admin_label=&#8221;Popup &#8211; (unnamed)&#8221; module_class=&#8221;popup close-alt single with-loader&#8221; _builder_version=&#8221;4.27.0&#8243; _module_preset=&#8221;default&#8221; background_color=&#8221;#0a0000&#8243; width=&#8221;500px&#8221; custom_padding=&#8221;0px||1px|||&#8221; da_is_popup=&#8221;on&#8221; da_is_singular=&#8221;on&#8221; da_alt_close=&#8221;on&#8221; da_with_loader=&#8221;on&#8221; da_disable_devices=&#8221;off|off|off&#8221; global_colors_info=&#8221;{}&#8221; da_exit_intent=&#8221;off&#8221; da_has_close=&#8221;on&#8221; da_dark_close=&#8221;off&#8221; da_not_modal=&#8221;on&#8221; da_has_shadow=&#8221;on&#8221;][et_pb_row _builder_version=&#8221;4.27.0&#8243; _module_preset=&#8221;default&#8221; width=&#8221;auto&#8221; module_alignment=&#8221;center&#8221; custom_margin=&#8221;0px|0px|0px|0px|false|false&#8221; custom_padding=&#8221;0px|0px|0px|0px|false|false&#8221; global_colors_info=&#8221;{}&#8221;][et_pb_column type=&#8221;4_4&#8243; _builder_version=&#8221;4.27.0&#8243; _module_preset=&#8221;default&#8221; global_colors_info=&#8221;{}&#8221;][et_pb_image src=&#8221;https:\/\/abgh.com.br\/wp-content\/uploads\/2024\/09\/popup-1.jpg&#8221; title_text=&#8221;popup&#8221; align=&#8221;center&#8221; _builder_version=&#8221;4.27.0&#8243; _module_preset=&#8221;default&#8221; global_colors_info=&#8221;{}&#8221;][\/et_pb_image][\/et_pb_column][\/et_pb_row][\/et_pb_section]<\/p>\n","protected":false},"excerpt":{"rendered":"<p>ASSOCIADOSPROFISSIONAISFORMA\u00c7\u00c3OO QUE \u00c9 A ABGHM\u00e9todo Ehrenfried &nbsp;A ABGH \u00e9 uma Associa\u00e7\u00e3o sem fins lucrativos e foi fundada em 1997 filiada \u00e0 AEDE (Associa\u00e7\u00e3o Francesa), com objetivo de divulgar o M\u00e9todo Ehrenfried \u2013 Gin\u00e1stica Hol\u00edstica, bem como de fiscalizar o uso da marca, garantindo a qualidade dos profissionais que atuam com o m\u00e9todo. Desta forma, a [&hellip;]<\/p>\n","protected":false},"author":1,"featured_media":0,"parent":0,"menu_order":0,"comment_status":"closed","ping_status":"closed","template":"","meta":{"_et_pb_use_builder":"on","_et_pb_old_content":"","_et_gb_content_width":"","footnotes":""},"class_list":["post-9","page","type-page","status-publish","hentry"],"_links":{"self":[{"href":"https:\/\/abgh.com.br\/index.php\/wp-json\/wp\/v2\/pages\/9","targetHints":{"allow":["GET"]}}],"collection":[{"href":"https:\/\/abgh.com.br\/index.php\/wp-json\/wp\/v2\/pages"}],"about":[{"href":"https:\/\/abgh.com.br\/index.php\/wp-json\/wp\/v2\/types\/page"}],"author":[{"embeddable":true,"href":"https:\/\/abgh.com.br\/index.php\/wp-json\/wp\/v2\/users\/1"}],"replies":[{"embeddable":true,"href":"https:\/\/abgh.com.br\/index.php\/wp-json\/wp\/v2\/comments?post=9"}],"version-history":[{"count":153,"href":"https:\/\/abgh.com.br\/index.php\/wp-json\/wp\/v2\/pages\/9\/revisions"}],"predecessor-version":[{"id":2591,"href":"https:\/\/abgh.com.br\/index.php\/wp-json\/wp\/v2\/pages\/9\/revisions\/2591"}],"wp:attachment":[{"href":"https:\/\/abgh.com.br\/index.php\/wp-json\/wp\/v2\/media?parent=9"}],"curies":[{"name":"wp","href":"https:\/\/api.w.org\/{rel}","templated":true}]}}